{"id":1468,"date":"2021-10-13T02:57:56","date_gmt":"2021-10-13T02:57:56","guid":{"rendered":"https:\/\/soledaddemo.pencidesign.net\/soledad-minimal-shop\/?page_id=17"},"modified":"2024-01-29T19:32:44","modified_gmt":"2024-01-29T18:32:44","slug":"contacto","status":"publish","type":"page","link":"https:\/\/cuerum.eu\/index.php\/contacto\/","title":{"rendered":"Contacto"},"content":{"rendered":"\t\t<div data-elementor-type=\"wp-page\" data-elementor-id=\"1468\" class=\"elementor elementor-1468\">\n\t\t\t\t<div class=\"elementor-element elementor-element-b01626d e-con-full e-flex e-con e-parent\" data-id=\"b01626d\" data-element_type=\"container\" data-e-type=\"container\">\n\t\t\t\t<div class=\"elementor-element elementor-element-10ef0f9 elementor-widget__width-inherit elementor-widget elementor-widget-penci-team-member\" data-id=\"10ef0f9\" data-element_type=\"widget\" data-e-type=\"widget\" data-widget_type=\"penci-team-member.default\">\n\t\t\t\t<div class=\"elementor-widget-container\">\n\t\t\t\t\t        <div class=\"penci-block-vc penci-teammb-bsc penci-teammb-s2 pencisc-grid-3 pencisc-grid-tablet-3 pencisc-grid-mobile-1 pcteam-shape pcsc-shape-square pcsc-st-filled\">\r\n\t\t\t            <div class=\"penci-block_content pencisc-grid\">\r\n\t\t\t\t                    <div class=\"penci-teammb-item pencisc-grid-item\">\r\n                        <div class=\"penci-teammb-inner\">\r\n\t\t\t\t\t\t\t<span class=\"penci-image-holder penci-teammb-img penci-lazy\" data-bgset=\"https:\/\/cuerum.eu\/wp-content\/uploads\/2024\/01\/horario-01-150x150.png\"><\/span>                            <div class=\"penci-team_item__info\">\r\n\t\t\t\t\t\t\t\t\t\t\t\t\t\t\t\t                                    <h5 class=\"penci-team_member_name\">HORARIO<\/h5>\r\n\t\t\t\t\t\t\t\t\t\t\t\t\t\t\t\t\t\t\t\t\t\t\t\t                                    <div class=\"penci-team_member_desc\">Lunes - Viernes<br>10.00-13.00 | 16.30-20.00<br>S\u00e1bado  : 10.00-13.00<br>Domingo :  Cerrado<\/div>\r\n\t\t\t\t\t\t\t\t                                <div class=\"penci-team_member_socails penci-social-wrap\">\r\n\t\t\t\t\t\t\t\t\t\t\t\t\t\t\t\t\t\t\t\t\t\t\t\t\t\t\t\r\n\t\t\t\t\t\t\t\t\t\t\t\t\t\t\t\t\t\t\t\t\t\t\t\t\t\t\t\t\t\t\t\t\t\t\t\t\t\t\t\t\t\t\t\t\t\t\t\t\t\t\t\t\t\t                                <\/div>\r\n                            <\/div>\r\n                        <\/div>\r\n                    <\/div>\r\n\t\t\t\t\t                    <div class=\"penci-teammb-item pencisc-grid-item\">\r\n                        <div class=\"penci-teammb-inner\">\r\n\t\t\t\t\t\t\t<span class=\"penci-image-holder penci-teammb-img penci-lazy\" data-bgset=\"https:\/\/cuerum.eu\/wp-content\/uploads\/2021\/10\/location.svg\"><\/span>                            <div class=\"penci-team_item__info\">\r\n\t\t\t\t\t\t\t\t\t\t\t\t\t\t\t\t                                    <h5 class=\"penci-team_member_name\">VIS\u00cdTANOS<\/h5>\r\n\t\t\t\t\t\t\t\t\t\t\t\t\t\t\t\t\t\t\t\t\t\t\t\t                                    <div class=\"penci-team_member_desc\">Calle Antonio Arzak 2<br>20018<br>Donostia-San Sebasti\u00e1n\n<br>Gipuzkoa, Espa\u00f1a<\/div>\r\n\t\t\t\t\t\t\t\t                                <div class=\"penci-team_member_socails penci-social-wrap\">\r\n\t\t\t\t\t\t\t\t\t\t\t\t\t\t\t\t\t\t\t\t\t\t\t\t\t\t\t\r\n\t\t\t\t\t\t\t\t\t\t\t\t\t\t\t\t\t\t\t\t\t\t\t\t\t\t\t\t\t\t\t\t\t\t\t\t\t\t\t\t\t\t\t\t\t\t\t\t\t\t\t\t\t\t                                <\/div>\r\n                            <\/div>\r\n                        <\/div>\r\n                    <\/div>\r\n\t\t\t\t\t                    <div class=\"penci-teammb-item pencisc-grid-item\">\r\n                        <div class=\"penci-teammb-inner\">\r\n\t\t\t\t\t\t\t<span class=\"penci-image-holder penci-teammb-img penci-lazy\" data-bgset=\"https:\/\/cuerum.eu\/wp-content\/uploads\/2021\/10\/email.svg\"><\/span>                            <div class=\"penci-team_item__info\">\r\n\t\t\t\t\t\t\t\t\t\t\t\t\t\t\t\t                                    <h5 class=\"penci-team_member_name\">CONTACTANOS<\/h5>\r\n\t\t\t\t\t\t\t\t\t\t\t\t\t\t\t\t\t\t\t\t\t\t\t\t                                    <div class=\"penci-team_member_desc\">+34 943 313 821<br>info@cuerum.eu<br>Instagram: cuerum_donostia<\/div>\r\n\t\t\t\t\t\t\t\t                                <div class=\"penci-team_member_socails penci-social-wrap\">\r\n\t\t\t\t\t\t\t\t\t\t\t\t\t\t\t\t\t\t\t\t\t\t\t\t\t\t\t\r\n\t\t\t\t\t\t\t\t\t\t\t\t\t\t\t\t\t\t                                        <a target=\"_blank\" rel=\"noopener\"                                                class=\"penci-social-item penci-social-item instagram\"\r\n                                                href=\"https:\/\/www.instagram.com\/cuerum_donostia\/\"><i class=\"penci-faicon fa fa-instagram\" ><\/i><\/a>\r\n\t\t\t\t\t\t\t\t\t\t\t\t\t\t\t\t\t\t\t\t\t\t\t\t\t\t\t\t\t\t\t\t\t\t\t\t\t\t\t\t\t\t\t\t\t                                <\/div>\r\n                            <\/div>\r\n                        <\/div>\r\n                    <\/div>\r\n\t\t\t\t\t            <\/div>\r\n        <\/div>\r\n\t\t\t\t\t\t<\/div>\n\t\t\t\t<\/div>\n\t\t\t\t<\/div>\n\t\t\t\t<section class=\"penci-section penci-dmcheck penci-elbg-activate penci-disSticky penci-structure-10 elementor-section elementor-top-section elementor-element elementor-element-9545d94 elementor-section-full_width elementor-section-height-default elementor-section-height-default\" data-id=\"9545d94\" data-element_type=\"section\" data-e-type=\"section\" data-settings=\"{&quot;background_background&quot;:&quot;classic&quot;}\">\n\t\t\t\t\t\t<div class=\"elementor-container elementor-column-gap-no\">\n\t\t\t\t\t<div class=\"penci-ercol-100 penci-ercol-order-1 penci-sticky-ct    elementor-column elementor-col-100 elementor-top-column elementor-element elementor-element-10b6fb5\" data-id=\"10b6fb5\" data-element_type=\"column\" data-e-type=\"column\">\n\t\t\t<div class=\"elementor-widget-wrap elementor-element-populated\">\n\t\t\t\t\t\t<div class=\"elementor-element elementor-element-1c13673 elementor-widget elementor-widget-penci-fancy_heading\" data-id=\"1c13673\" data-element_type=\"widget\" data-e-type=\"widget\" data-widget_type=\"penci-fancy_heading.default\">\n\t\t\t\t<div class=\"elementor-widget-container\">\n\t\t\t\t\t\t\t<div class=\"penci-fancy-heading penci-heading-text-center\">\r\n\t\t\t<div class=\"penci-fancy-heading-inner\">\r\n\t\t\t\t<h1 class=\"penci-heading-title\"><span class=\"inner-tit\">Encu\u00e9ntranos<\/span><\/h1>\t\t\t<\/div>\r\n\t\t<\/div>\r\n\t\t\t\t\t\t<\/div>\n\t\t\t\t<\/div>\n\t\t\t\t\t<\/div>\n\t\t<\/div>\n\t\t\t\t\t<\/div>\n\t\t<\/section>\n\t\t\t\t<section class=\"penci-section penci-disSticky penci-structure-10 elementor-section elementor-top-section elementor-element elementor-element-08bface elementor-section-boxed elementor-section-height-default elementor-section-height-default\" data-id=\"08bface\" data-element_type=\"section\" data-e-type=\"section\">\n\t\t\t\t\t\t<div class=\"elementor-container elementor-column-gap-no\">\n\t\t\t\t\t<div class=\"penci-ercol-100 penci-ercol-order-1 penci-sticky-ct    elementor-column elementor-col-100 elementor-top-column elementor-element elementor-element-5e2c54c\" data-id=\"5e2c54c\" data-element_type=\"column\" data-e-type=\"column\">\n\t\t\t<div class=\"elementor-widget-wrap elementor-element-populated\">\n\t\t\t\t\t\t<div class=\"elementor-element elementor-element-b3a25a8 elementor-widget elementor-widget-google_maps\" data-id=\"b3a25a8\" data-element_type=\"widget\" data-e-type=\"widget\" data-widget_type=\"google_maps.default\">\n\t\t\t\t<div class=\"elementor-widget-container\">\n\t\t\t\t\t\t\t<div class=\"elementor-custom-embed\">\n\t\t\t<iframe loading=\"lazy\"\n\t\t\t\t\tsrc=\"https:\/\/maps.google.com\/maps?q=Antonio%20Arzak%20Kalea%2C%202%2C%2020018%20Donostia%2C%20Gipuzkoa&#038;t=m&#038;z=15&#038;output=embed&#038;iwloc=near\"\n\t\t\t\t\ttitle=\"Antonio Arzak Kalea, 2, 20018 Donostia, Gipuzkoa\"\n\t\t\t\t\taria-label=\"Antonio Arzak Kalea, 2, 20018 Donostia, Gipuzkoa\"\n\t\t\t><\/iframe>\n\t\t<\/div>\n\t\t\t\t\t\t<\/div>\n\t\t\t\t<\/div>\n\t\t\t\t\t<\/div>\n\t\t<\/div>\n\t\t\t\t\t<\/div>\n\t\t<\/section>\n\t\t\t\t<\/div>\n\t\t","protected":false},"excerpt":{"rendered":"<p>HORARIO Lunes &#8211; Viernes10.00-13.00 | 16.30-20.00S\u00e1bado : 10.00-13.00Domingo : Cerrado VIS\u00cdTANOS Calle Antonio Arzak 220018Donostia-San Sebasti\u00e1n Gipuzkoa, Espa\u00f1a CONTACTANOS +34 943 313 821info@cuerum.euInstagram: cuerum_donostia Encu\u00e9ntranos<\/p>\n","protected":false},"author":1,"featured_media":0,"parent":0,"menu_order":0,"comment_status":"closed","ping_status":"closed","template":"page-fullwidth.php","meta":{"_monsterinsights_skip_tracking":false,"_monsterinsights_sitenote_active":false,"_monsterinsights_sitenote_note":"","_monsterinsights_sitenote_category":0,"footnotes":""},"class_list":["post-1468","page","type-page","status-publish","hentry"],"aioseo_notices":[],"_links":{"self":[{"href":"https:\/\/cuerum.eu\/index.php\/wp-json\/wp\/v2\/pages\/1468","targetHints":{"allow":["GET"]}}],"collection":[{"href":"https:\/\/cuerum.eu\/index.php\/wp-json\/wp\/v2\/pages"}],"about":[{"href":"https:\/\/cuerum.eu\/index.php\/wp-json\/wp\/v2\/types\/page"}],"author":[{"embeddable":true,"href":"https:\/\/cuerum.eu\/index.php\/wp-json\/wp\/v2\/users\/1"}],"replies":[{"embeddable":true,"href":"https:\/\/cuerum.eu\/index.php\/wp-json\/wp\/v2\/comments?post=1468"}],"version-history":[{"count":32,"href":"https:\/\/cuerum.eu\/index.php\/wp-json\/wp\/v2\/pages\/1468\/revisions"}],"predecessor-version":[{"id":1945,"href":"https:\/\/cuerum.eu\/index.php\/wp-json\/wp\/v2\/pages\/1468\/revisions\/1945"}],"wp:attachment":[{"href":"https:\/\/cuerum.eu\/index.php\/wp-json\/wp\/v2\/media?parent=1468"}],"curies":[{"name":"wp","href":"https:\/\/api.w.org\/{rel}","templated":true}]}}